{"id":679,"date":"2020-10-23T13:18:07","date_gmt":"2020-10-23T13:18:07","guid":{"rendered":"https:\/\/ottonaegelipreis.cyon.site\/the-award\/"},"modified":"2023-05-30T10:25:14","modified_gmt":"2023-05-30T10:25:14","slug":"the-prize","status":"publish","type":"page","link":"https:\/\/otto-naegeli-preis.ch\/de\/the-prize\/","title":{"rendered":"The Prize"},"content":{"rendered":"<p><div class=\"fusion-fullwidth fullwidth-box fusion-builder-row-1 fusion-flex-container fusion-parallax-none fullPageHeaderFixed nonhundred-percent-fullwidth non-hundred-percent-height-scrolling\" style=\"--awb-border-radius-top-left:0px;--awb-border-radius-top-right:0px;--awb-border-radius-bottom-right:0px;--awb-border-radius-bottom-left:0px;--awb-background-image:url(&quot;https:\/\/otto-naegeli-preis.ch\/wp-content\/uploads\/2020\/10\/backAward.jpg&quot;);--awb-background-size:cover;\" ><div class=\"fusion-builder-row fusion-row fusion-flex-align-items-flex-start\" style=\"max-width:1248px;margin-left: calc(-4% \/ 2 );margin-right: calc(-4% \/ 2 );\"><div class=\"fusion-layout-column fusion_builder_column fusion-builder-column-0 fusion_builder_column_1_1 1_1 fusion-flex-column\" style=\"--awb-bg-size:cover;--awb-width-large:100%;--awb-margin-top-large:0px;--awb-spacing-right-large:1.92%;--awb-margin-bottom-large:20px;--awb-spacing-left-large:1.92%;--awb-width-medium:100%;--awb-order-medium:0;--awb-spacing-right-medium:1.92%;--awb-spacing-left-medium:1.92%;--awb-width-small:100%;--awb-order-small:0;--awb-spacing-right-small:1.92%;--awb-spacing-left-small:1.92%;\"><div class=\"fusion-column-wrapper fusion-column-has-shadow fusion-flex-justify-content-flex-start fusion-content-layout-column\"><\/div><\/div><\/div><\/div><div class=\"fusion-fullwidth fullwidth-box fusion-builder-row-2 fusion-flex-container nonhundred-percent-fullwidth non-hundred-percent-height-scrolling fusion-no-small-visibility fusion-no-medium-visibility\" style=\"--awb-border-sizes-top:10px;--awb-border-color:#b39a60;--awb-border-radius-top-left:0px;--awb-border-radius-top-right:0px;--awb-border-radius-bottom-right:0px;--awb-border-radius-bottom-left:0px;--awb-padding-top:5%;--awb-padding-right:10%;--awb-padding-left:10%;--awb-margin-top:200px;--awb-background-color:#ffffff;\" ><div class=\"fusion-builder-row fusion-row fusion-flex-align-items-flex-start\" style=\"max-width:1248px;margin-left: calc(-4% \/ 2 );margin-right: calc(-4% \/ 2 );\"><div class=\"fusion-layout-column fusion_builder_column fusion-builder-column-1 fusion_builder_column_1_3 1_3 fusion-flex-column\" style=\"--awb-bg-size:cover;--awb-width-large:33.333333333333%;--awb-margin-top-large:0px;--awb-spacing-right-large:5.76%;--awb-margin-bottom-large:20px;--awb-spacing-left-large:5.76%;--awb-width-medium:33.333333333333%;--awb-order-medium:0;--awb-spacing-right-medium:5.76%;--awb-spacing-left-medium:5.76%;--awb-width-small:100%;--awb-order-small:0;--awb-spacing-right-small:1.92%;--awb-spacing-left-small:1.92%;\"><div class=\"fusion-column-wrapper fusion-column-has-shadow fusion-flex-justify-content-flex-start fusion-content-layout-column\"><div class=\"fusion-text fusion-text-1\" style=\"--awb-text-color:#b39a60;\"><h1 style=\"text-align: left;\">Der Preis<\/h1>\n<\/div><div class=\"fusion-image-element \" style=\"text-align:center;--awb-caption-title-font-family:var(--h2_typography-font-family);--awb-caption-title-font-weight:var(--h2_typography-font-weight);--awb-caption-title-font-style:var(--h2_typography-font-style);--awb-caption-title-size:var(--h2_typography-font-size);--awb-caption-title-transform:var(--h2_typography-text-transform);--awb-caption-title-line-height:var(--h2_typography-line-height);--awb-caption-title-letter-spacing:var(--h2_typography-letter-spacing);\"><span class=\" fusion-imageframe imageframe-none imageframe-1 hover-type-none\" class=\"image-magnify\" class=\"image-scroll\"><img decoding=\"async\" width=\"173\" height=\"173\" title=\"awardCircle\" src=\"https:\/\/otto-naegeli-preis.ch\/wp-content\/uploads\/2020\/10\/awardCircle.png\" alt class=\"img-responsive wp-image-680\"\/><\/span><\/div><\/div><\/div><div class=\"fusion-layout-column fusion_builder_column fusion-builder-column-2 fusion_builder_column_2_3 2_3 fusion-flex-column\" style=\"--awb-padding-right:5%;--awb-padding-left:5%;--awb-bg-color:#ffffff;--awb-bg-color-hover:#ffffff;--awb-bg-size:cover;--awb-width-large:66.666666666667%;--awb-margin-top-large:0px;--awb-spacing-right-large:2.88%;--awb-margin-bottom-large:20px;--awb-spacing-left-large:2.88%;--awb-width-medium:66.666666666667%;--awb-order-medium:0;--awb-spacing-right-medium:2.88%;--awb-spacing-left-medium:2.88%;--awb-width-small:100%;--awb-order-small:0;--awb-spacing-right-small:1.92%;--awb-spacing-left-small:1.92%;\"><div class=\"fusion-column-wrapper fusion-column-has-shadow fusion-flex-justify-content-flex-start fusion-content-layout-column\"><div class=\"fusion-text fusion-text-2\" style=\"--awb-text-color:#b39a60;\"><p>Der &#8222;Otto Naegeli-Preis f\u00fcr die medizinische Forschung&#8220; gilt als einer der bedeutendsten wissenschaftlichen Preise der Schweiz. Er geniesst hohe internationaler Anerkennung.<\/p>\n<p>Der Otto Naegeli-Preis bezweckt die F\u00f6rderung der medizinischen Forschung (biomedizinische Grundlagenforschung und klinische Forschung). Er wird in der Regel alle 2 Jahre an Forschende in der Schweiz verliehen.<\/p>\n<p>Die Preissumme betr\u00e4gt zurzeit CHF 200&#8217;000<\/p>\n<p>Mit dem Otto Naegeli-Preis sollen auch j\u00fcngere Forschende zu weiteren Leistungen angeregt werden.<\/p>\n<\/div><\/div><\/div><\/div><\/div><div class=\"fusion-fullwidth fullwidth-box fusion-builder-row-3 fusion-flex-container nonhundred-percent-fullwidth non-hundred-percent-height-scrolling fusion-no-large-visibility\" style=\"--awb-border-sizes-top:10px;--awb-border-color:#b39a60;--awb-border-radius-top-left:0px;--awb-border-radius-top-right:0px;--awb-border-radius-bottom-right:0px;--awb-border-radius-bottom-left:0px;--awb-padding-top:5%;--awb-padding-right:10%;--awb-padding-left:10%;--awb-background-color:#ffffff;\" ><div class=\"fusion-builder-row fusion-row fusion-flex-align-items-flex-start\" style=\"max-width:1248px;margin-left: calc(-4% \/ 2 );margin-right: calc(-4% \/ 2 );\"><div class=\"fusion-layout-column fusion_builder_column fusion-builder-column-3 fusion_builder_column_1_3 1_3 fusion-flex-column\" style=\"--awb-bg-size:cover;--awb-width-large:33.333333333333%;--awb-margin-top-large:0px;--awb-spacing-right-large:5.76%;--awb-margin-bottom-large:20px;--awb-spacing-left-large:5.76%;--awb-width-medium:33.333333333333%;--awb-order-medium:0;--awb-spacing-right-medium:5.76%;--awb-spacing-left-medium:5.76%;--awb-width-small:100%;--awb-order-small:0;--awb-spacing-right-small:1.92%;--awb-spacing-left-small:1.92%;\"><div class=\"fusion-column-wrapper fusion-column-has-shadow fusion-flex-justify-content-flex-start fusion-content-layout-column\"><div class=\"fusion-text fusion-text-3\" style=\"--awb-text-color:#b39a60;\"><h1 style=\"text-align: left;\">Der Preis<\/h1>\n<\/div><div class=\"fusion-image-element \" style=\"text-align:center;--awb-caption-title-font-family:var(--h2_typography-font-family);--awb-caption-title-font-weight:var(--h2_typography-font-weight);--awb-caption-title-font-style:var(--h2_typography-font-style);--awb-caption-title-size:var(--h2_typography-font-size);--awb-caption-title-transform:var(--h2_typography-text-transform);--awb-caption-title-line-height:var(--h2_typography-line-height);--awb-caption-title-letter-spacing:var(--h2_typography-letter-spacing);\"><span class=\" fusion-imageframe imageframe-none imageframe-2 hover-type-none\" class=\"image-magnify\" class=\"image-scroll\"><img decoding=\"async\" width=\"173\" height=\"173\" title=\"awardCircle\" src=\"https:\/\/otto-naegeli-preis.ch\/wp-content\/uploads\/2020\/10\/awardCircle.png\" alt class=\"img-responsive wp-image-680\"\/><\/span><\/div><\/div><\/div><div class=\"fusion-layout-column fusion_builder_column fusion-builder-column-4 fusion_builder_column_2_3 2_3 fusion-flex-column\" style=\"--awb-padding-right:5%;--awb-padding-left:5%;--awb-bg-color:#ffffff;--awb-bg-color-hover:#ffffff;--awb-bg-size:cover;--awb-width-large:66.666666666667%;--awb-margin-top-large:0px;--awb-spacing-right-large:2.88%;--awb-margin-bottom-large:20px;--awb-spacing-left-large:2.88%;--awb-width-medium:66.666666666667%;--awb-order-medium:0;--awb-spacing-right-medium:2.88%;--awb-spacing-left-medium:2.88%;--awb-width-small:100%;--awb-order-small:0;--awb-spacing-right-small:1.92%;--awb-spacing-left-small:1.92%;\"><div class=\"fusion-column-wrapper fusion-column-has-shadow fusion-flex-justify-content-flex-start fusion-content-layout-column\"><div class=\"fusion-text fusion-text-4\" style=\"--awb-text-color:#b39a60;\"><p>Der &#8222;Otto Naegeli-Preis f\u00fcr die medizinische Forschung&#8220; gilt als einer der bedeutendsten wissenschaftlichen Preise der Schweiz. Er geniesst hohe internationaler Anerkennung.<\/p>\n<p>Der Otto Naegeli-Preis bezweckt die F\u00f6rderung der medizinischen Forschung (biomedizinische Grundlagenforschung und klinische Forschung). Er wird in der Regel alle 2 Jahre an Forschende in der Schweiz verliehen.<\/p>\n<p>Die Preissumme betr\u00e4gt zurzeit CHF 200&#8217;000<\/p>\n<p>Mit dem Otto Naegeli-Preis sollen auch j\u00fcngere Forschende zu weiteren Leistungen angeregt werden.<\/p>\n<\/div><\/div><\/div><\/div><\/div><div class=\"fusion-fullwidth fullwidth-box fusion-builder-row-4 fusion-flex-container nonhundred-percent-fullwidth non-hundred-percent-height-scrolling\" style=\"--awb-border-radius-top-left:0px;--awb-border-radius-top-right:0px;--awb-border-radius-bottom-right:0px;--awb-border-radius-bottom-left:0px;--awb-padding-top:30px;--awb-padding-right:50px;--awb-padding-bottom:30px;--awb-padding-left:50px;--awb-margin-bottom:100px;--awb-background-color:#b39a60;\" ><div class=\"fusion-builder-row fusion-row fusion-flex-align-items-flex-start\" style=\"max-width:calc( 1200px + 30px );margin-left: calc(-30px \/ 2 );margin-right: calc(-30px \/ 2 );\"><div class=\"fusion-layout-column fusion_builder_column fusion-builder-column-5 fusion_builder_column_3_5 3_5 fusion-flex-column\" style=\"--awb-bg-size:cover;--awb-width-large:60%;--awb-margin-top-large:0px;--awb-spacing-right-large:15px;--awb-margin-bottom-large:20px;--awb-spacing-left-large:15px;--awb-width-medium:60%;--awb-order-medium:0;--awb-spacing-right-medium:15px;--awb-spacing-left-medium:15px;--awb-width-small:100%;--awb-order-small:0;--awb-spacing-right-small:15px;--awb-spacing-left-small:15px;\"><div class=\"fusion-column-wrapper fusion-column-has-shadow fusion-flex-justify-content-flex-start fusion-content-layout-column\"><div class=\"fusion-image-element \" style=\"text-align:left;--awb-margin-top:0px;--awb-margin-bottom:0px;--awb-max-width:150px;--awb-caption-title-font-family:var(--h2_typography-font-family);--awb-caption-title-font-weight:var(--h2_typography-font-weight);--awb-caption-title-font-style:var(--h2_typography-font-style);--awb-caption-title-size:var(--h2_typography-font-size);--awb-caption-title-transform:var(--h2_typography-text-transform);--awb-caption-title-line-height:var(--h2_typography-line-height);--awb-caption-title-letter-spacing:var(--h2_typography-letter-spacing);\"><span class=\" fusion-imageframe imageframe-none imageframe-3 hover-type-none\" class=\"image-magnify\" class=\"image-scroll\"><img decoding=\"async\" width=\"243\" height=\"299\" title=\"ottoBadge\" src=\"https:\/\/otto-naegeli-preis.ch\/wp-content\/uploads\/2020\/10\/ottoBadge.png\" alt class=\"img-responsive wp-image-688\" srcset=\"https:\/\/otto-naegeli-preis.ch\/wp-content\/uploads\/2020\/10\/ottoBadge-200x246.png 200w, https:\/\/otto-naegeli-preis.ch\/wp-content\/uploads\/2020\/10\/ottoBadge.png 243w\" sizes=\"(max-width: 640px) 100vw, 243px\" \/><\/span><\/div><div class=\"fusion-text fusion-text-5\" style=\"--awb-text-color:#b39a60;\"><h1 style=\"text-align: left; color: white;\">Einer der renommiertesten Medizinpreise der Schweiz<\/h1>\n<\/div><\/div><\/div><div class=\"fusion-layout-column fusion_builder_column fusion-builder-column-6 fusion_builder_column_2_5 2_5 fusion-flex-column\" style=\"--awb-padding-top:5%;--awb-padding-right:5%;--awb-padding-bottom:5%;--awb-padding-left:5%;--awb-bg-size:cover;--awb-width-large:40%;--awb-margin-top-large:0px;--awb-spacing-right-large:15px;--awb-margin-bottom-large:20px;--awb-spacing-left-large:15px;--awb-width-medium:40%;--awb-order-medium:0;--awb-spacing-right-medium:15px;--awb-spacing-left-medium:15px;--awb-width-small:100%;--awb-order-small:0;--awb-spacing-right-small:15px;--awb-spacing-left-small:15px;\"><div class=\"fusion-column-wrapper fusion-column-has-shadow fusion-flex-justify-content-flex-start fusion-content-layout-column\"><div class=\"fusion-text fusion-text-6\" style=\"--awb-text-color:#000000;\"><p>Der Otto Naegeli-Preis wurde 1960 zum Andenken an den 1938 verstorbenen grossen Wissenschaftler und Lehrer f\u00fcr Innere Medizin an der Universit\u00e4t Z\u00fcrich, Professor Otto Naegeli, geschaffen. Bis 1984 wurde der Preis j\u00e4hrlich mit einer Preissumme von CHF 100&#8217;000 von der Otto Naegeli-Stiftung verliehen.<\/p>\n<p>Ab 1986 f\u00fchrte die Bonizzi-Theler Stiftung den Preis weiter. Ab 1988 erfolgte die Preisverleihung alle zwei Jahre, jedoch mit einer Preissumme von CHF 200&#8217;000. Mit Aufl\u00f6sung der Bonizzi-Theler Stiftung widmete diese Stiftung im Jahre 2008 einen Teil ihres Verm\u00f6gens einer neuen Otto Naegeli Stiftung.<\/p>\n<p>Beginnend mit dem Otto Naegeli-Preis 2020 verleiht die Stiftung den Preis mit Mitteln, die ihr im Andenken an den 2019 verstorbenen Dr. Alex Vannod zur Verf\u00fcgung gestellt werden.<\/p>\n<\/div><\/div><\/div><div class=\"fusion-layout-column fusion_builder_column fusion-builder-column-7 fusion_builder_column_1_1 1_1 fusion-flex-column\" style=\"--awb-bg-size:cover;--awb-width-large:100%;--awb-margin-top-large:0px;--awb-spacing-right-large:15px;--awb-margin-bottom-large:20px;--awb-spacing-left-large:15px;--awb-width-medium:100%;--awb-order-medium:0;--awb-spacing-right-medium:15px;--awb-spacing-left-medium:15px;--awb-width-small:100%;--awb-order-small:0;--awb-spacing-right-small:15px;--awb-spacing-left-small:15px;\"><div class=\"fusion-column-wrapper fusion-column-has-shadow fusion-flex-justify-content-flex-start fusion-content-layout-column\"><div class=\"fusion-content-boxes content-boxes columns row fusion-columns-2 fusion-columns-total-2 fusion-content-boxes-1 content-boxes-clean-vertical content-left content-boxes-icon-on-top\" style=\"--awb-hover-accent-color:#65bc7b;--awb-circle-hover-accent-color:#65bc7b;\" data-animationOffset=\"top-into-view\"><div style=\"--awb-backgroundcolor:rgba(255,255,255,0);border-color:rgba(255,255,255,0);\" class=\"fusion-column content-box-column content-box-column content-box-column-1 col-lg-6 col-md-6 col-sm-6 fusion-content-box-hover content-box-column-first-in-row\"><div class=\"col content-box-wrapper content-wrapper link-area-link-icon content-icon-wrapper-yes icon-hover-animation-fade\" data-animationOffset=\"top-into-view\"><div class=\"heading heading-with-icon icon-left\"><div aria-hidden=\"true\" class=\"image\"><img src=\"https:\/\/otto-naegeli-preis.ch\/wp-content\/uploads\/2020\/10\/ottoNaegeli.png\" width=\"348\" height=\"525\" alt=\"\" \/><\/div><\/div><\/div><\/div><div style=\"--awb-backgroundcolor:rgba(255,255,255,0);border-color:rgba(255,255,255,0);\" class=\"fusion-column content-box-column content-box-column content-box-column-2 col-lg-6 col-md-6 col-sm-6 fusion-content-box-hover content-box-column-last content-box-column-last-in-row\"><div class=\"col content-box-wrapper content-wrapper link-area-link-icon content-icon-wrapper-yes icon-hover-animation-fade\" data-animationOffset=\"top-into-view\"><div class=\"fusion-clearfix\"><\/div><div class=\"content-container\">\n<h1 class=\"fusion-responsive-typography-calculated\" style=\"color: white; text-align: left; --fontsize: 54; line-height: 1.16;\" data-fontsize=\"54\" data-lineheight=\"62.64px\">Prof. Otto Naegeli<br \/>\n(1871 \u2014 1938)<\/h1>\n<p style=\"text-align: left; color: #000;\">Otto Naegeli wurde 1871 im Kanton Thurgau (Ermatingen) geboren. Er schloss das Medizinstudium 1896 in Z\u00fcrich ab, habilitierte 1899 in Z\u00fcrich, arbeitete bis 1912 in eigener Praxis, war dann bis 1918 ausserordentlicher Professor in T\u00fcbingen und folgte 1918 einem Ruf als Leiter der Medizinischen Poliklinik in Z\u00fcrich, wo er ab 1921 auch das Ordinariat und die Direktion der Medizinischen Klinik bis zu seinem R\u00fccktritt im Jahre 1937 inne hatte. Er verstarb am 11. M\u00e4rz 1938.<\/p>\n<p style=\"text-align: left; color: #000;\">Seine wissenschaftlichen Arbeiten sind breit gef\u00e4chert und beziehen sich u.a. auf Studien auf dem Gebiete der Tuberkulose, der H\u00e4matologie, der Unfallneurosen und der Differentialdiagnose.<\/p>\n<\/div><\/div><\/div><div class=\"fusion-clearfix\"><\/div><\/div><\/div><\/div><\/div><\/div><div class=\"fusion-fullwidth fullwidth-box fusion-builder-row-5 fusion-flex-container nonhundred-percent-fullwidth non-hundred-percent-height-scrolling\" style=\"--awb-border-radius-top-left:0px;--awb-border-radius-top-right:0px;--awb-border-radius-bottom-right:0px;--awb-border-radius-bottom-left:0px;\" ><div class=\"fusion-builder-row fusion-row fusion-flex-align-items-flex-start\" style=\"max-width:1248px;margin-left: calc(-4% \/ 2 );margin-right: calc(-4% \/ 2 );\"><\/div><\/div><\/p>\n","protected":false},"excerpt":{"rendered":"","protected":false},"author":1,"featured_media":0,"parent":0,"menu_order":0,"comment_status":"closed","ping_status":"closed","template":"","meta":{"footnotes":""},"acf":[],"_links":{"self":[{"href":"https:\/\/otto-naegeli-preis.ch\/de\/wp-json\/wp\/v2\/pages\/679"}],"collection":[{"href":"https:\/\/otto-naegeli-preis.ch\/de\/wp-json\/wp\/v2\/pages"}],"about":[{"href":"https:\/\/otto-naegeli-preis.ch\/de\/wp-json\/wp\/v2\/types\/page"}],"author":[{"embeddable":true,"href":"https:\/\/otto-naegeli-preis.ch\/de\/wp-json\/wp\/v2\/users\/1"}],"replies":[{"embeddable":true,"href":"https:\/\/otto-naegeli-preis.ch\/de\/wp-json\/wp\/v2\/comments?post=679"}],"version-history":[{"count":4,"href":"https:\/\/otto-naegeli-preis.ch\/de\/wp-json\/wp\/v2\/pages\/679\/revisions"}],"predecessor-version":[{"id":3309,"href":"https:\/\/otto-naegeli-preis.ch\/de\/wp-json\/wp\/v2\/pages\/679\/revisions\/3309"}],"wp:attachment":[{"href":"https:\/\/otto-naegeli-preis.ch\/de\/wp-json\/wp\/v2\/media?parent=679"}],"curies":[{"name":"wp","href":"https:\/\/api.w.org\/{rel}","templated":true}]}}