{"id":703,"date":"2020-10-23T10:21:56","date_gmt":"2020-10-23T10:21:56","guid":{"rendered":"https:\/\/ottonaegelipreis.cyon.site\/criteria\/"},"modified":"2023-05-30T10:23:42","modified_gmt":"2023-05-30T10:23:42","slug":"criteria","status":"publish","type":"page","link":"https:\/\/otto-naegeli-preis.ch\/de\/criteria\/","title":{"rendered":"Criteria"},"content":{"rendered":"<p><div class=\"fusion-fullwidth fullwidth-box fusion-builder-row-1 fusion-flex-container fusion-parallax-none fullPageHeaderFixed nonhundred-percent-fullwidth non-hundred-percent-height-scrolling\" style=\"--awb-border-radius-top-left:0px;--awb-border-radius-top-right:0px;--awb-border-radius-bottom-right:0px;--awb-border-radius-bottom-left:0px;--awb-background-image:url(&quot;https:\/\/otto-naegeli-preis.ch\/wp-content\/uploads\/2020\/10\/backImageAward.png&quot;);--awb-background-size:cover;\" ><div class=\"fusion-builder-row fusion-row fusion-flex-align-items-flex-start\" style=\"max-width:1248px;margin-left: calc(-4% \/ 2 );margin-right: calc(-4% \/ 2 );\"><div class=\"fusion-layout-column fusion_builder_column fusion-builder-column-0 fusion_builder_column_1_1 1_1 fusion-flex-column\" style=\"--awb-bg-size:cover;--awb-width-large:100%;--awb-margin-top-large:0px;--awb-spacing-right-large:1.92%;--awb-margin-bottom-large:20px;--awb-spacing-left-large:1.92%;--awb-width-medium:100%;--awb-order-medium:0;--awb-spacing-right-medium:1.92%;--awb-spacing-left-medium:1.92%;--awb-width-small:100%;--awb-order-small:0;--awb-spacing-right-small:1.92%;--awb-spacing-left-small:1.92%;\"><div class=\"fusion-column-wrapper fusion-column-has-shadow fusion-flex-justify-content-flex-start fusion-content-layout-column\"><\/div><\/div><\/div><\/div><div class=\"fusion-fullwidth fullwidth-box fusion-builder-row-2 fusion-flex-container nonhundred-percent-fullwidth non-hundred-percent-height-scrolling fusion-no-small-visibility fusion-no-medium-visibility\" style=\"--awb-border-sizes-top:10px;--awb-border-color:#b39a60;--awb-border-radius-top-left:0px;--awb-border-radius-top-right:0px;--awb-border-radius-bottom-right:0px;--awb-border-radius-bottom-left:0px;--awb-padding-top:5%;--awb-padding-right:10%;--awb-padding-bottom:5%;--awb-padding-left:10%;--awb-margin-top:200px;--awb-margin-bottom:100px;--awb-background-color:#ffffff;\" ><div class=\"fusion-builder-row fusion-row fusion-flex-align-items-flex-start\" style=\"max-width:1248px;margin-left: calc(-4% \/ 2 );margin-right: calc(-4% \/ 2 );\"><div class=\"fusion-layout-column fusion_builder_column fusion-builder-column-1 fusion_builder_column_1_3 1_3 fusion-flex-column\" style=\"--awb-bg-size:cover;--awb-width-large:33.333333333333%;--awb-margin-top-large:0px;--awb-spacing-right-large:5.76%;--awb-margin-bottom-large:20px;--awb-spacing-left-large:5.76%;--awb-width-medium:33.333333333333%;--awb-order-medium:0;--awb-spacing-right-medium:5.76%;--awb-spacing-left-medium:5.76%;--awb-width-small:100%;--awb-order-small:0;--awb-spacing-right-small:1.92%;--awb-spacing-left-small:1.92%;\"><div class=\"fusion-column-wrapper fusion-column-has-shadow fusion-flex-justify-content-flex-start fusion-content-layout-column\"><div class=\"fusion-text fusion-text-1\" style=\"--awb-text-color:#b39a60;\"><h1 style=\"text-align: left;\">Kriterien<\/h1>\n<\/div><div class=\"fusion-image-element \" style=\"text-align:center;--awb-caption-title-font-family:var(--h2_typography-font-family);--awb-caption-title-font-weight:var(--h2_typography-font-weight);--awb-caption-title-font-style:var(--h2_typography-font-style);--awb-caption-title-size:var(--h2_typography-font-size);--awb-caption-title-transform:var(--h2_typography-text-transform);--awb-caption-title-line-height:var(--h2_typography-line-height);--awb-caption-title-letter-spacing:var(--h2_typography-letter-spacing);\"><span class=\" fusion-imageframe imageframe-none imageframe-1 hover-type-none\" class=\"image-magnify\" class=\"image-scroll\"><img decoding=\"async\" width=\"346\" height=\"346\" title=\"criteria@2x\" src=\"https:\/\/otto-naegeli-preis.ch\/wp-content\/uploads\/2020\/10\/criteria@2x.png\" alt class=\"img-responsive wp-image-724\" srcset=\"https:\/\/otto-naegeli-preis.ch\/wp-content\/uploads\/2020\/10\/criteria@2x-200x200.png 200w, https:\/\/otto-naegeli-preis.ch\/wp-content\/uploads\/2020\/10\/criteria@2x.png 346w\" sizes=\"(max-width: 640px) 100vw, 346px\" \/><\/span><\/div><\/div><\/div><div class=\"fusion-layout-column fusion_builder_column fusion-builder-column-2 fusion_builder_column_2_3 2_3 fusion-flex-column\" style=\"--awb-padding-right:5%;--awb-padding-left:5%;--awb-bg-color:#ffffff;--awb-bg-color-hover:#ffffff;--awb-bg-size:cover;--awb-width-large:66.666666666667%;--awb-margin-top-large:0px;--awb-spacing-right-large:2.88%;--awb-margin-bottom-large:20px;--awb-spacing-left-large:2.88%;--awb-width-medium:66.666666666667%;--awb-order-medium:0;--awb-spacing-right-medium:2.88%;--awb-spacing-left-medium:2.88%;--awb-width-small:100%;--awb-order-small:0;--awb-spacing-right-small:1.92%;--awb-spacing-left-small:1.92%;\"><div class=\"fusion-column-wrapper fusion-column-has-shadow fusion-flex-justify-content-flex-start fusion-content-layout-column\"><div class=\"fusion-text fusion-text-2\" style=\"--awb-text-color:#b39a60;\"><p>Die Preistr\u00e4gerin\/der Preistr\u00e4ger des Otto Naegeli-Preises wird durch den Preisrat bestimmt; die Auswahl erfolgt in einem mehrstufigen Verfahren. Der Preisrat besteht aus den fr\u00fcheren Preistr\u00e4gerinnen und Preistr\u00e4gern und dem Stiftungsratspr\u00e4sidenten. Der Preisrat erarbeitet Vorschl\u00e4ge zur weiteren Evaluation und trifft dann unter Einholung von externen Gutachten die Entscheidung. Niemand kann sich selbst bewerben.<\/p>\n<p>Die Hauptkriterien bei der Auswahl sind:<\/p>\n<p>\u2022 internationale und nationale Reputation<br \/>\n\u2022 Originalit\u00e4t in der Forschung<br \/>\n\u2022 erbrachte wissenschaftliche Leistung und zuk\u00fcnftiges Potential<br \/>\n\u2022 zus\u00e4tzliche Leistungen im Dienste der medizinischen Wissenschaft (z.B. Nachwuchs, Mitwirkung in Gremien und der Gesellschaft, good citizenship)<\/p>\n<\/div><\/div><\/div><\/div><\/div><div class=\"fusion-fullwidth fullwidth-box fusion-builder-row-3 fusion-flex-container nonhundred-percent-fullwidth non-hundred-percent-height-scrolling fusion-no-large-visibility\" style=\"--awb-border-sizes-top:10px;--awb-border-color:#b39a60;--awb-border-radius-top-left:0px;--awb-border-radius-top-right:0px;--awb-border-radius-bottom-right:0px;--awb-border-radius-bottom-left:0px;--awb-padding-top:5%;--awb-padding-right:10%;--awb-padding-bottom:5%;--awb-padding-left:10%;--awb-margin-bottom:100px;--awb-background-color:#ffffff;\" ><div class=\"fusion-builder-row fusion-row fusion-flex-align-items-flex-start\" style=\"max-width:1248px;margin-left: calc(-4% \/ 2 );margin-right: calc(-4% \/ 2 );\"><div class=\"fusion-layout-column fusion_builder_column fusion-builder-column-3 fusion_builder_column_1_3 1_3 fusion-flex-column\" style=\"--awb-bg-size:cover;--awb-width-large:33.333333333333%;--awb-margin-top-large:0px;--awb-spacing-right-large:5.76%;--awb-margin-bottom-large:20px;--awb-spacing-left-large:5.76%;--awb-width-medium:33.333333333333%;--awb-order-medium:0;--awb-spacing-right-medium:5.76%;--awb-spacing-left-medium:5.76%;--awb-width-small:100%;--awb-order-small:0;--awb-spacing-right-small:1.92%;--awb-spacing-left-small:1.92%;\"><div class=\"fusion-column-wrapper fusion-column-has-shadow fusion-flex-justify-content-flex-start fusion-content-layout-column\"><div class=\"fusion-text fusion-text-3\" style=\"--awb-text-color:#b39a60;\"><h1 style=\"text-align: left;\">Kriterien<\/h1>\n<\/div><div class=\"fusion-image-element \" style=\"text-align:center;--awb-caption-title-font-family:var(--h2_typography-font-family);--awb-caption-title-font-weight:var(--h2_typography-font-weight);--awb-caption-title-font-style:var(--h2_typography-font-style);--awb-caption-title-size:var(--h2_typography-font-size);--awb-caption-title-transform:var(--h2_typography-text-transform);--awb-caption-title-line-height:var(--h2_typography-line-height);--awb-caption-title-letter-spacing:var(--h2_typography-letter-spacing);\"><span class=\" fusion-imageframe imageframe-none imageframe-2 hover-type-none\" class=\"image-magnify\" class=\"image-scroll\"><img decoding=\"async\" width=\"346\" height=\"346\" title=\"criteria@2x\" src=\"https:\/\/otto-naegeli-preis.ch\/wp-content\/uploads\/2020\/10\/criteria@2x.png\" alt class=\"img-responsive wp-image-724\" srcset=\"https:\/\/otto-naegeli-preis.ch\/wp-content\/uploads\/2020\/10\/criteria@2x-200x200.png 200w, https:\/\/otto-naegeli-preis.ch\/wp-content\/uploads\/2020\/10\/criteria@2x.png 346w\" sizes=\"(max-width: 640px) 100vw, 346px\" \/><\/span><\/div><\/div><\/div><div class=\"fusion-layout-column fusion_builder_column fusion-builder-column-4 fusion_builder_column_2_3 2_3 fusion-flex-column\" style=\"--awb-padding-right:5%;--awb-padding-left:5%;--awb-bg-color:#ffffff;--awb-bg-color-hover:#ffffff;--awb-bg-size:cover;--awb-width-large:66.666666666667%;--awb-margin-top-large:0px;--awb-spacing-right-large:2.88%;--awb-margin-bottom-large:20px;--awb-spacing-left-large:2.88%;--awb-width-medium:66.666666666667%;--awb-order-medium:0;--awb-spacing-right-medium:2.88%;--awb-spacing-left-medium:2.88%;--awb-width-small:100%;--awb-order-small:0;--awb-spacing-right-small:1.92%;--awb-spacing-left-small:1.92%;\"><div class=\"fusion-column-wrapper fusion-column-has-shadow fusion-flex-justify-content-flex-start fusion-content-layout-column\"><div class=\"fusion-text fusion-text-4\" style=\"--awb-text-color:#b39a60;\"><p>Die Preistr\u00e4gerin\/der Preistr\u00e4ger des Otto Naegeli-Preises wird durch den Preisrat bestimmt; die Auswahl erfolgt in einem mehrstufigen Verfahren. Der Preisrat besteht aus den fr\u00fcheren Preistr\u00e4gerinnen und Preistr\u00e4gern und dem Stiftungsratspr\u00e4sidenten. Der Preisrat erarbeitet Vorschl\u00e4ge zur weiteren Evaluation und trifft dann unter Einholung von externen Gutachten die Entscheidung. Niemand kann sich selbst bewerben.<\/p>\n<p>Die Hauptkriterien bei der Auswahl sind:<\/p>\n<p>\u2022 internationale und nationale Reputation<br \/>\n\u2022 Originalit\u00e4t in der Forschung<br \/>\n\u2022 erbrachte wissenschaftliche Leistung und zuk\u00fcnftiges Potential<br \/>\n\u2022 zus\u00e4tzliche Leistungen im Dienste der medizinischen Wissenschaft (z.B. Nachwuchs, Mitwirkung in Gremien und der Gesellschaft, good citizenship)<\/p>\n<\/div><\/div><\/div><\/div><\/div><\/p>\n","protected":false},"excerpt":{"rendered":"","protected":false},"author":1,"featured_media":0,"parent":0,"menu_order":0,"comment_status":"closed","ping_status":"closed","template":"","meta":{"footnotes":""},"acf":[],"_links":{"self":[{"href":"https:\/\/otto-naegeli-preis.ch\/de\/wp-json\/wp\/v2\/pages\/703"}],"collection":[{"href":"https:\/\/otto-naegeli-preis.ch\/de\/wp-json\/wp\/v2\/pages"}],"about":[{"href":"https:\/\/otto-naegeli-preis.ch\/de\/wp-json\/wp\/v2\/types\/page"}],"author":[{"embeddable":true,"href":"https:\/\/otto-naegeli-preis.ch\/de\/wp-json\/wp\/v2\/users\/1"}],"replies":[{"embeddable":true,"href":"https:\/\/otto-naegeli-preis.ch\/de\/wp-json\/wp\/v2\/comments?post=703"}],"version-history":[{"count":4,"href":"https:\/\/otto-naegeli-preis.ch\/de\/wp-json\/wp\/v2\/pages\/703\/revisions"}],"predecessor-version":[{"id":3305,"href":"https:\/\/otto-naegeli-preis.ch\/de\/wp-json\/wp\/v2\/pages\/703\/revisions\/3305"}],"wp:attachment":[{"href":"https:\/\/otto-naegeli-preis.ch\/de\/wp-json\/wp\/v2\/media?parent=703"}],"curies":[{"name":"wp","href":"https:\/\/api.w.org\/{rel}","templated":true}]}}