{"id":681,"date":"2020-10-23T13:18:07","date_gmt":"2020-10-23T13:18:07","guid":{"rendered":"https:\/\/ottonaegelipreis.cyon.site\/the-award\/"},"modified":"2023-05-30T10:24:56","modified_gmt":"2023-05-30T10:24:56","slug":"the-prize","status":"publish","type":"page","link":"https:\/\/otto-naegeli-preis.ch\/fr\/the-prize\/","title":{"rendered":"The Prize"},"content":{"rendered":"<p><div class=\"fusion-fullwidth fullwidth-box fusion-builder-row-1 fusion-flex-container fusion-parallax-none fullPageHeaderFixed nonhundred-percent-fullwidth non-hundred-percent-height-scrolling\" style=\"--awb-border-radius-top-left:0px;--awb-border-radius-top-right:0px;--awb-border-radius-bottom-right:0px;--awb-border-radius-bottom-left:0px;--awb-background-image:url(&quot;https:\/\/otto-naegeli-preis.ch\/wp-content\/uploads\/2020\/10\/backAward.jpg&quot;);--awb-background-size:cover;\" ><div class=\"fusion-builder-row fusion-row fusion-flex-align-items-flex-start\" style=\"max-width:1248px;margin-left: calc(-4% \/ 2 );margin-right: calc(-4% \/ 2 );\"><div class=\"fusion-layout-column fusion_builder_column fusion-builder-column-0 fusion_builder_column_1_1 1_1 fusion-flex-column\" style=\"--awb-bg-size:cover;--awb-width-large:100%;--awb-margin-top-large:0px;--awb-spacing-right-large:1.92%;--awb-margin-bottom-large:20px;--awb-spacing-left-large:1.92%;--awb-width-medium:100%;--awb-order-medium:0;--awb-spacing-right-medium:1.92%;--awb-spacing-left-medium:1.92%;--awb-width-small:100%;--awb-order-small:0;--awb-spacing-right-small:1.92%;--awb-spacing-left-small:1.92%;\"><div class=\"fusion-column-wrapper fusion-column-has-shadow fusion-flex-justify-content-flex-start fusion-content-layout-column\"><\/div><\/div><\/div><\/div><div class=\"fusion-fullwidth fullwidth-box fusion-builder-row-2 fusion-flex-container nonhundred-percent-fullwidth non-hundred-percent-height-scrolling fusion-no-small-visibility fusion-no-medium-visibility\" style=\"--awb-border-sizes-top:10px;--awb-border-color:#b39a60;--awb-border-radius-top-left:0px;--awb-border-radius-top-right:0px;--awb-border-radius-bottom-right:0px;--awb-border-radius-bottom-left:0px;--awb-padding-top:5%;--awb-padding-right:10%;--awb-padding-left:10%;--awb-margin-top:200px;--awb-background-color:#ffffff;\" ><div class=\"fusion-builder-row fusion-row fusion-flex-align-items-flex-start\" style=\"max-width:1248px;margin-left: calc(-4% \/ 2 );margin-right: calc(-4% \/ 2 );\"><div class=\"fusion-layout-column fusion_builder_column fusion-builder-column-1 fusion_builder_column_1_3 1_3 fusion-flex-column\" style=\"--awb-bg-size:cover;--awb-width-large:33.333333333333%;--awb-margin-top-large:0px;--awb-spacing-right-large:5.76%;--awb-margin-bottom-large:20px;--awb-spacing-left-large:5.76%;--awb-width-medium:33.333333333333%;--awb-order-medium:0;--awb-spacing-right-medium:5.76%;--awb-spacing-left-medium:5.76%;--awb-width-small:100%;--awb-order-small:0;--awb-spacing-right-small:1.92%;--awb-spacing-left-small:1.92%;\"><div class=\"fusion-column-wrapper fusion-column-has-shadow fusion-flex-justify-content-flex-start fusion-content-layout-column\"><div class=\"fusion-text fusion-text-1\" style=\"--awb-text-color:#b39a60;\"><h1 style=\"text-align: left;\">Le Prix<\/h1>\n<\/div><div class=\"fusion-image-element \" style=\"text-align:center;--awb-caption-title-font-family:var(--h2_typography-font-family);--awb-caption-title-font-weight:var(--h2_typography-font-weight);--awb-caption-title-font-style:var(--h2_typography-font-style);--awb-caption-title-size:var(--h2_typography-font-size);--awb-caption-title-transform:var(--h2_typography-text-transform);--awb-caption-title-line-height:var(--h2_typography-line-height);--awb-caption-title-letter-spacing:var(--h2_typography-letter-spacing);\"><span class=\" fusion-imageframe imageframe-none imageframe-1 hover-type-none\" class=\"image-magnify\" class=\"image-scroll\"><img decoding=\"async\" width=\"173\" height=\"173\" title=\"awardCircle\" src=\"https:\/\/otto-naegeli-preis.ch\/wp-content\/uploads\/2020\/10\/awardCircle.png\" alt class=\"img-responsive wp-image-682\"\/><\/span><\/div><\/div><\/div><div class=\"fusion-layout-column fusion_builder_column fusion-builder-column-2 fusion_builder_column_2_3 2_3 fusion-flex-column\" style=\"--awb-padding-right:5%;--awb-padding-left:5%;--awb-bg-color:#ffffff;--awb-bg-color-hover:#ffffff;--awb-bg-size:cover;--awb-width-large:66.666666666667%;--awb-margin-top-large:0px;--awb-spacing-right-large:2.88%;--awb-margin-bottom-large:20px;--awb-spacing-left-large:2.88%;--awb-width-medium:66.666666666667%;--awb-order-medium:0;--awb-spacing-right-medium:2.88%;--awb-spacing-left-medium:2.88%;--awb-width-small:100%;--awb-order-small:0;--awb-spacing-right-small:1.92%;--awb-spacing-left-small:1.92%;\"><div class=\"fusion-column-wrapper fusion-column-has-shadow fusion-flex-justify-content-flex-start fusion-content-layout-column\"><div class=\"fusion-text fusion-text-2\" style=\"--awb-text-color:#b39a60;\"><p>Le \u00ab\u00a0Prix Otto Naegeli pour la recherche m\u00e9dicale\u00a0\u00bb est consid\u00e9r\u00e9 comme l&rsquo;un des prix scientifiques les plus importants en Suisse. Il jouit d&rsquo;une grande reconnaissance internationale.<\/p>\n<p>Le Prix Otto Naegeli a pour but la promotion de la recherche m\u00e9dicale (recherche biom\u00e9dicale fondamentale et recherche clinique). Il est g\u00e9n\u00e9ralement d\u00e9cern\u00e9 tous les deux ans \u00e0 des chercheurs en Suisse.<\/p>\n<p>Le montant du prix est actuellement de CHF 200&rsquo;000.<\/p>\n<p>Le prix Otto Naegeli est \u00e9galement destin\u00e9 \u00e0 encourager les jeunes chercheurs \u00e0 poursuivre leurs recherches.<\/p>\n<\/div><\/div><\/div><\/div><\/div><div class=\"fusion-fullwidth fullwidth-box fusion-builder-row-3 fusion-flex-container nonhundred-percent-fullwidth non-hundred-percent-height-scrolling fusion-no-large-visibility\" style=\"--awb-border-sizes-top:10px;--awb-border-color:#b39a60;--awb-border-radius-top-left:0px;--awb-border-radius-top-right:0px;--awb-border-radius-bottom-right:0px;--awb-border-radius-bottom-left:0px;--awb-padding-top:5%;--awb-padding-right:10%;--awb-padding-left:10%;--awb-background-color:#ffffff;\" ><div class=\"fusion-builder-row fusion-row fusion-flex-align-items-flex-start\" style=\"max-width:1248px;margin-left: calc(-4% \/ 2 );margin-right: calc(-4% \/ 2 );\"><div class=\"fusion-layout-column fusion_builder_column fusion-builder-column-3 fusion_builder_column_1_3 1_3 fusion-flex-column\" style=\"--awb-bg-size:cover;--awb-width-large:33.333333333333%;--awb-margin-top-large:0px;--awb-spacing-right-large:5.76%;--awb-margin-bottom-large:20px;--awb-spacing-left-large:5.76%;--awb-width-medium:33.333333333333%;--awb-order-medium:0;--awb-spacing-right-medium:5.76%;--awb-spacing-left-medium:5.76%;--awb-width-small:100%;--awb-order-small:0;--awb-spacing-right-small:1.92%;--awb-spacing-left-small:1.92%;\"><div class=\"fusion-column-wrapper fusion-column-has-shadow fusion-flex-justify-content-flex-start fusion-content-layout-column\"><div class=\"fusion-text fusion-text-3\" style=\"--awb-text-color:#b39a60;\"><h1 style=\"text-align: left;\">Le Prix<\/h1>\n<\/div><div class=\"fusion-image-element \" style=\"text-align:center;--awb-caption-title-font-family:var(--h2_typography-font-family);--awb-caption-title-font-weight:var(--h2_typography-font-weight);--awb-caption-title-font-style:var(--h2_typography-font-style);--awb-caption-title-size:var(--h2_typography-font-size);--awb-caption-title-transform:var(--h2_typography-text-transform);--awb-caption-title-line-height:var(--h2_typography-line-height);--awb-caption-title-letter-spacing:var(--h2_typography-letter-spacing);\"><span class=\" fusion-imageframe imageframe-none imageframe-2 hover-type-none\" class=\"image-magnify\" class=\"image-scroll\"><img decoding=\"async\" width=\"173\" height=\"173\" title=\"awardCircle\" src=\"https:\/\/otto-naegeli-preis.ch\/wp-content\/uploads\/2020\/10\/awardCircle.png\" alt class=\"img-responsive wp-image-682\"\/><\/span><\/div><\/div><\/div><div class=\"fusion-layout-column fusion_builder_column fusion-builder-column-4 fusion_builder_column_2_3 2_3 fusion-flex-column\" style=\"--awb-padding-right:5%;--awb-padding-left:5%;--awb-bg-color:#ffffff;--awb-bg-color-hover:#ffffff;--awb-bg-size:cover;--awb-width-large:66.666666666667%;--awb-margin-top-large:0px;--awb-spacing-right-large:2.88%;--awb-margin-bottom-large:20px;--awb-spacing-left-large:2.88%;--awb-width-medium:66.666666666667%;--awb-order-medium:0;--awb-spacing-right-medium:2.88%;--awb-spacing-left-medium:2.88%;--awb-width-small:100%;--awb-order-small:0;--awb-spacing-right-small:1.92%;--awb-spacing-left-small:1.92%;\"><div class=\"fusion-column-wrapper fusion-column-has-shadow fusion-flex-justify-content-flex-start fusion-content-layout-column\"><div class=\"fusion-text fusion-text-4\" style=\"--awb-text-color:#b39a60;\"><p>Le \u00ab\u00a0Prix Otto Naegeli pour la recherche m\u00e9dicale\u00a0\u00bb est consid\u00e9r\u00e9 comme l&rsquo;un des prix scientifiques les plus importants en Suisse. Il jouit d&rsquo;une grande reconnaissance internationale.<\/p>\n<p>Le Prix Otto Naegeli a pour but la promotion de la recherche m\u00e9dicale (recherche biom\u00e9dicale fondamentale et recherche clinique). Il est g\u00e9n\u00e9ralement d\u00e9cern\u00e9 tous les deux ans \u00e0 des chercheurs en Suisse.<\/p>\n<p>Le montant du prix est actuellement de CHF 200&rsquo;000.<\/p>\n<p>Le prix Otto Naegeli est \u00e9galement destin\u00e9 \u00e0 encourager les jeunes chercheurs \u00e0 poursuivre leurs recherches.<\/p>\n<\/div><\/div><\/div><\/div><\/div><div class=\"fusion-fullwidth fullwidth-box fusion-builder-row-4 fusion-flex-container nonhundred-percent-fullwidth non-hundred-percent-height-scrolling\" style=\"--awb-border-radius-top-left:0px;--awb-border-radius-top-right:0px;--awb-border-radius-bottom-right:0px;--awb-border-radius-bottom-left:0px;--awb-padding-top:30px;--awb-padding-right:50px;--awb-padding-bottom:30px;--awb-padding-left:50px;--awb-margin-bottom:100px;--awb-background-color:#b39a60;\" ><div class=\"fusion-builder-row fusion-row fusion-flex-align-items-flex-start\" style=\"max-width:calc( 1200px + 30px );margin-left: calc(-30px \/ 2 );margin-right: calc(-30px \/ 2 );\"><div class=\"fusion-layout-column fusion_builder_column fusion-builder-column-5 fusion_builder_column_1_5 1_5 fusion-flex-column\" style=\"--awb-bg-size:cover;--awb-width-large:20%;--awb-margin-top-large:0px;--awb-spacing-right-large:15px;--awb-margin-bottom-large:20px;--awb-spacing-left-large:15px;--awb-width-medium:20%;--awb-order-medium:0;--awb-spacing-right-medium:15px;--awb-spacing-left-medium:15px;--awb-width-small:100%;--awb-order-small:0;--awb-spacing-right-small:15px;--awb-spacing-left-small:15px;\"><div class=\"fusion-column-wrapper fusion-column-has-shadow fusion-flex-justify-content-flex-start fusion-content-layout-column\"><div class=\"fusion-image-element \" style=\"text-align:center;--awb-margin-top:0px;--awb-margin-bottom:0px;--awb-caption-title-font-family:var(--h2_typography-font-family);--awb-caption-title-font-weight:var(--h2_typography-font-weight);--awb-caption-title-font-style:var(--h2_typography-font-style);--awb-caption-title-size:var(--h2_typography-font-size);--awb-caption-title-transform:var(--h2_typography-text-transform);--awb-caption-title-line-height:var(--h2_typography-line-height);--awb-caption-title-letter-spacing:var(--h2_typography-letter-spacing);\"><span class=\" fusion-imageframe imageframe-none imageframe-3 hover-type-none\" class=\"image-magnify\" class=\"image-scroll\"><img decoding=\"async\" width=\"243\" height=\"299\" title=\"ottoBadge\" src=\"https:\/\/otto-naegeli-preis.ch\/wp-content\/uploads\/2020\/10\/ottoBadge.png\" alt class=\"img-responsive wp-image-692\" srcset=\"https:\/\/otto-naegeli-preis.ch\/wp-content\/uploads\/2020\/10\/ottoBadge-200x246.png 200w, https:\/\/otto-naegeli-preis.ch\/wp-content\/uploads\/2020\/10\/ottoBadge.png 243w\" sizes=\"(max-width: 640px) 100vw, 243px\" \/><\/span><\/div><\/div><\/div><div class=\"fusion-layout-column fusion_builder_column fusion-builder-column-6 fusion_builder_column_2_5 2_5 fusion-flex-column\" style=\"--awb-bg-size:cover;--awb-width-large:40%;--awb-margin-top-large:0px;--awb-spacing-right-large:15px;--awb-margin-bottom-large:20px;--awb-spacing-left-large:15px;--awb-width-medium:40%;--awb-order-medium:0;--awb-spacing-right-medium:15px;--awb-spacing-left-medium:15px;--awb-width-small:100%;--awb-order-small:0;--awb-spacing-right-small:15px;--awb-spacing-left-small:15px;\"><div class=\"fusion-column-wrapper fusion-column-has-shadow fusion-flex-justify-content-flex-start fusion-content-layout-column\"><div class=\"fusion-text fusion-text-5\" style=\"--awb-text-color:#b39a60;\"><h1 style=\"text-align: left; color: white;\">L&rsquo;un des prix m\u00e9dicaux les plus prestigieux en Suisse<\/h1>\n<\/div><\/div><\/div><div class=\"fusion-layout-column fusion_builder_column fusion-builder-column-7 fusion_builder_column_2_5 2_5 fusion-flex-column\" style=\"--awb-padding-top:5%;--awb-padding-right:5%;--awb-padding-bottom:5%;--awb-padding-left:5%;--awb-bg-size:cover;--awb-width-large:40%;--awb-margin-top-large:0px;--awb-spacing-right-large:15px;--awb-margin-bottom-large:20px;--awb-spacing-left-large:15px;--awb-width-medium:40%;--awb-order-medium:0;--awb-spacing-right-medium:15px;--awb-spacing-left-medium:15px;--awb-width-small:100%;--awb-order-small:0;--awb-spacing-right-small:15px;--awb-spacing-left-small:15px;\"><div class=\"fusion-column-wrapper fusion-column-has-shadow fusion-flex-justify-content-flex-start fusion-content-layout-column\"><div class=\"fusion-text fusion-text-6\" style=\"--awb-text-color:#000000;\"><p>Le Prix Otto Naegeli fut cr\u00e9\u00e9 en l\u2019honneur et au souvenir du grand scientifique et enseignant de m\u00e9decine interne \u00e0 l\u2019Universit\u00e9 de Z\u00fcrich, le Professeur Otto Naegeli. Jusqu\u2019en 1984, le prix d\u2019un montant de CHF 100&rsquo;000 \u00e9tait d\u00e9cern\u00e9 annuellement par la Fondation Otto Naegeli.<\/p>\n<p>A partir de 1986 la Fondation Bonizzi-Theler continuait \u00e0 d\u00e9cerner le prix. D\u00e8s 1988 le prix fut remis seulement tous les deux ans, mais avec un montant de CHF 200&rsquo;000. Lors de la dissolution de la Fondation Bonizzi-Theler, une partie du capital f\u00fbt attribu\u00e9e \u00e0 une nouvelle Fondation Otto Naegeli.<\/p>\n<p>A partir de l\u2019ann\u00e9e 2020 la Fondation finance le Prix Otto Naegeli gr\u00e2ce \u00e0 des moyens financiers mis \u00e0 sa disposition en m\u00e9moire du Dr. Alex Vannod, d\u00e9c\u00e9d\u00e9 en 2019.<\/p>\n<\/div><\/div><\/div><div class=\"fusion-layout-column fusion_builder_column fusion-builder-column-8 fusion_builder_column_1_1 1_1 fusion-flex-column\" style=\"--awb-bg-size:cover;--awb-width-large:100%;--awb-margin-top-large:0px;--awb-spacing-right-large:15px;--awb-margin-bottom-large:20px;--awb-spacing-left-large:15px;--awb-width-medium:100%;--awb-order-medium:0;--awb-spacing-right-medium:15px;--awb-spacing-left-medium:15px;--awb-width-small:100%;--awb-order-small:0;--awb-spacing-right-small:15px;--awb-spacing-left-small:15px;\"><div class=\"fusion-column-wrapper fusion-column-has-shadow fusion-flex-justify-content-flex-start fusion-content-layout-column\"><div class=\"fusion-content-boxes content-boxes columns row fusion-columns-2 fusion-columns-total-2 fusion-content-boxes-1 content-boxes-clean-vertical content-left content-boxes-icon-on-top\" style=\"--awb-hover-accent-color:#65bc7b;--awb-circle-hover-accent-color:#65bc7b;\" data-animationOffset=\"top-into-view\"><div style=\"--awb-backgroundcolor:rgba(255,255,255,0);border-color:rgba(255,255,255,0);\" class=\"fusion-column content-box-column content-box-column content-box-column-1 col-lg-6 col-md-6 col-sm-6 fusion-content-box-hover content-box-column-first-in-row\"><div class=\"col content-box-wrapper content-wrapper link-area-link-icon content-icon-wrapper-yes icon-hover-animation-fade\" data-animationOffset=\"top-into-view\"><div class=\"heading heading-with-icon icon-left\"><div aria-hidden=\"true\" class=\"image\"><img src=\"https:\/\/otto-naegeli-preis.ch\/wp-content\/uploads\/2020\/10\/ottoNaegeli.png\" width=\"348\" height=\"525\" alt=\"\" \/><\/div><\/div><\/div><\/div><div style=\"--awb-backgroundcolor:rgba(255,255,255,0);border-color:rgba(255,255,255,0);\" class=\"fusion-column content-box-column content-box-column content-box-column-2 col-lg-6 col-md-6 col-sm-6 fusion-content-box-hover content-box-column-last content-box-column-last-in-row\"><div class=\"col content-box-wrapper content-wrapper link-area-link-icon content-icon-wrapper-yes icon-hover-animation-fade\" data-animationOffset=\"top-into-view\"><div class=\"fusion-clearfix\"><\/div><div class=\"content-container\">\n<h1 style=\"color: white; text-align: left;\">Prof. Otto Naegeli<br \/>\n(1871 \u2014 1938)<\/h1>\n<p style=\"text-align: left; color: #000;\">Otto Naegeli est n\u00e9 en 1871 \u00e0 Ermatingen, Thurgovie. Il a termin\u00e9 les \u00e9tudes de m\u00e9decine \u00e0 Z\u00fcrich en 1896, suivi de l\u2019obtention d\u2019un titre de privat-docent en 1899. Jusqu\u2019en 1912 il pratiquait la m\u00e9decine dans son propre cabinet, date \u00e0 laquelle il fut nomm\u00e9 Professeur extraordinaire \u00e0 T\u00fcbingen. Appel\u00e9 comme directeur \u00e0 la Policlinique universitaire de M\u00e9decine \u00e0 Zurich en 1918. En 1921 il reprit \u00e9galement la direction de la Clinique m\u00e9dicale universitaire et la fonction de Professeur ordinaire de m\u00e9decine jusqu\u2019\u00e0 son d\u00e9part \u00e0 la retraite en 1937. Il d\u00e9c\u00e9da le 11 mars 1938.<\/p>\n<p style=\"text-align: left; color: #000;\">Ses travaux scientifiques couvrent un vaste \u00e9ventail de th\u00e8mes: \u00e9tudes dans le domaine de la tuberculose, de l\u2019h\u00e9matologie, des n\u00e9vroses li\u00e9es aux accidents et le diagnostic diff\u00e9rentiel.<\/p>\n<\/div><\/div><\/div><div class=\"fusion-clearfix\"><\/div><\/div><\/div><\/div><\/div><\/div><div class=\"fusion-fullwidth fullwidth-box fusion-builder-row-5 fusion-flex-container nonhundred-percent-fullwidth non-hundred-percent-height-scrolling\" style=\"--awb-border-radius-top-left:0px;--awb-border-radius-top-right:0px;--awb-border-radius-bottom-right:0px;--awb-border-radius-bottom-left:0px;\" ><div class=\"fusion-builder-row fusion-row fusion-flex-align-items-flex-start\" style=\"max-width:1248px;margin-left: calc(-4% \/ 2 );margin-right: calc(-4% \/ 2 );\"><\/div><\/div><\/p>\n","protected":false},"excerpt":{"rendered":"","protected":false},"author":1,"featured_media":0,"parent":0,"menu_order":0,"comment_status":"closed","ping_status":"closed","template":"","meta":{"footnotes":""},"acf":[],"_links":{"self":[{"href":"https:\/\/otto-naegeli-preis.ch\/fr\/wp-json\/wp\/v2\/pages\/681"}],"collection":[{"href":"https:\/\/otto-naegeli-preis.ch\/fr\/wp-json\/wp\/v2\/pages"}],"about":[{"href":"https:\/\/otto-naegeli-preis.ch\/fr\/wp-json\/wp\/v2\/types\/page"}],"author":[{"embeddable":true,"href":"https:\/\/otto-naegeli-preis.ch\/fr\/wp-json\/wp\/v2\/users\/1"}],"replies":[{"embeddable":true,"href":"https:\/\/otto-naegeli-preis.ch\/fr\/wp-json\/wp\/v2\/comments?post=681"}],"version-history":[{"count":4,"href":"https:\/\/otto-naegeli-preis.ch\/fr\/wp-json\/wp\/v2\/pages\/681\/revisions"}],"predecessor-version":[{"id":3308,"href":"https:\/\/otto-naegeli-preis.ch\/fr\/wp-json\/wp\/v2\/pages\/681\/revisions\/3308"}],"wp:attachment":[{"href":"https:\/\/otto-naegeli-preis.ch\/fr\/wp-json\/wp\/v2\/media?parent=681"}],"curies":[{"name":"wp","href":"https:\/\/api.w.org\/{rel}","templated":true}]}}