{"id":701,"date":"2020-10-23T10:21:56","date_gmt":"2020-10-23T10:21:56","guid":{"rendered":"https:\/\/ottonaegelipreis.cyon.site\/criteria\/"},"modified":"2023-05-30T10:24:03","modified_gmt":"2023-05-30T10:24:03","slug":"criteria","status":"publish","type":"page","link":"https:\/\/otto-naegeli-preis.ch\/fr\/criteria\/","title":{"rendered":"Criteria"},"content":{"rendered":"<p><div class=\"fusion-fullwidth fullwidth-box fusion-builder-row-1 fusion-flex-container fusion-parallax-none fullPageHeaderFixed nonhundred-percent-fullwidth non-hundred-percent-height-scrolling\" style=\"--awb-border-radius-top-left:0px;--awb-border-radius-top-right:0px;--awb-border-radius-bottom-right:0px;--awb-border-radius-bottom-left:0px;--awb-background-image:url(&quot;https:\/\/otto-naegeli-preis.ch\/wp-content\/uploads\/2020\/10\/backImageAward.png&quot;);--awb-background-size:cover;\" ><div class=\"fusion-builder-row fusion-row fusion-flex-align-items-flex-start\" style=\"max-width:1248px;margin-left: calc(-4% \/ 2 );margin-right: calc(-4% \/ 2 );\"><div class=\"fusion-layout-column fusion_builder_column fusion-builder-column-0 fusion_builder_column_1_1 1_1 fusion-flex-column\" style=\"--awb-bg-size:cover;--awb-width-large:100%;--awb-margin-top-large:0px;--awb-spacing-right-large:1.92%;--awb-margin-bottom-large:20px;--awb-spacing-left-large:1.92%;--awb-width-medium:100%;--awb-order-medium:0;--awb-spacing-right-medium:1.92%;--awb-spacing-left-medium:1.92%;--awb-width-small:100%;--awb-order-small:0;--awb-spacing-right-small:1.92%;--awb-spacing-left-small:1.92%;\"><div class=\"fusion-column-wrapper fusion-column-has-shadow fusion-flex-justify-content-flex-start fusion-content-layout-column\"><\/div><\/div><\/div><\/div><div class=\"fusion-fullwidth fullwidth-box fusion-builder-row-2 fusion-flex-container nonhundred-percent-fullwidth non-hundred-percent-height-scrolling fusion-no-small-visibility fusion-no-medium-visibility\" style=\"--awb-border-sizes-top:10px;--awb-border-color:#b39a60;--awb-border-radius-top-left:0px;--awb-border-radius-top-right:0px;--awb-border-radius-bottom-right:0px;--awb-border-radius-bottom-left:0px;--awb-padding-top:5%;--awb-padding-right:10%;--awb-padding-bottom:5%;--awb-padding-left:10%;--awb-margin-top:200px;--awb-margin-bottom:100px;--awb-background-color:#ffffff;\" ><div class=\"fusion-builder-row fusion-row fusion-flex-align-items-flex-start\" style=\"max-width:1248px;margin-left: calc(-4% \/ 2 );margin-right: calc(-4% \/ 2 );\"><div class=\"fusion-layout-column fusion_builder_column fusion-builder-column-1 fusion_builder_column_1_3 1_3 fusion-flex-column\" style=\"--awb-bg-size:cover;--awb-width-large:33.333333333333%;--awb-margin-top-large:0px;--awb-spacing-right-large:5.76%;--awb-margin-bottom-large:20px;--awb-spacing-left-large:5.76%;--awb-width-medium:33.333333333333%;--awb-order-medium:0;--awb-spacing-right-medium:5.76%;--awb-spacing-left-medium:5.76%;--awb-width-small:100%;--awb-order-small:0;--awb-spacing-right-small:1.92%;--awb-spacing-left-small:1.92%;\"><div class=\"fusion-column-wrapper fusion-column-has-shadow fusion-flex-justify-content-flex-start fusion-content-layout-column\"><div class=\"fusion-text fusion-text-1\" style=\"--awb-text-color:#b39a60;\"><h1 style=\"text-align: left;\">Crit\u00e8res<\/h1>\n<\/div><div class=\"fusion-image-element \" style=\"text-align:center;--awb-caption-title-font-family:var(--h2_typography-font-family);--awb-caption-title-font-weight:var(--h2_typography-font-weight);--awb-caption-title-font-style:var(--h2_typography-font-style);--awb-caption-title-size:var(--h2_typography-font-size);--awb-caption-title-transform:var(--h2_typography-text-transform);--awb-caption-title-line-height:var(--h2_typography-line-height);--awb-caption-title-letter-spacing:var(--h2_typography-letter-spacing);\"><span class=\" fusion-imageframe imageframe-none imageframe-1 hover-type-none\" class=\"image-magnify\" class=\"image-scroll\"><img decoding=\"async\" width=\"346\" height=\"346\" title=\"criteria@2x\" src=\"https:\/\/otto-naegeli-preis.ch\/wp-content\/uploads\/2020\/10\/criteria@2x.png\" alt class=\"img-responsive wp-image-713\" srcset=\"https:\/\/otto-naegeli-preis.ch\/wp-content\/uploads\/2020\/10\/criteria@2x-200x200.png 200w, https:\/\/otto-naegeli-preis.ch\/wp-content\/uploads\/2020\/10\/criteria@2x.png 346w\" sizes=\"(max-width: 640px) 100vw, 346px\" \/><\/span><\/div><\/div><\/div><div class=\"fusion-layout-column fusion_builder_column fusion-builder-column-2 fusion_builder_column_2_3 2_3 fusion-flex-column\" style=\"--awb-padding-right:5%;--awb-padding-left:5%;--awb-bg-color:#ffffff;--awb-bg-color-hover:#ffffff;--awb-bg-size:cover;--awb-width-large:66.666666666667%;--awb-margin-top-large:0px;--awb-spacing-right-large:2.88%;--awb-margin-bottom-large:20px;--awb-spacing-left-large:2.88%;--awb-width-medium:66.666666666667%;--awb-order-medium:0;--awb-spacing-right-medium:2.88%;--awb-spacing-left-medium:2.88%;--awb-width-small:100%;--awb-order-small:0;--awb-spacing-right-small:1.92%;--awb-spacing-left-small:1.92%;\"><div class=\"fusion-column-wrapper fusion-column-has-shadow fusion-flex-justify-content-flex-start fusion-content-layout-column\"><div class=\"fusion-text fusion-text-2\" style=\"--awb-text-color:#b39a60;\"><p>La laur\u00e9ate ou le laur\u00e9at du Prix Otto Naegeli est d\u00e9sign\u00e9(e) par le Conseil du Prix; la s\u00e9lection se fait selon une proc\u00e9dure en plusieurs \u00e9tapes. Le Conseil du Prix est compos\u00e9 des laur\u00e9ates et les laur\u00e9ats pr\u00e9c\u00e9dents et du Pr\u00e9sident du Conseil de Fondation. Le Conseil du Prix \u00e9labore des propositions pour une \u00e9valuation plus approfondie et prend ensuite la d\u00e9cision en obtenant des avis d&rsquo;experts externes. Personne ne peut demander le prix lui-m\u00eame.<\/p>\n<p>Les principaux crit\u00e8res de l&rsquo;\u00e9lection sont les suivants :<\/p>\n<p>\u2022 r\u00e9putation internationale et nationale<br \/>\n\u2022 originalit\u00e9 dans la recherche<br \/>\n\u2022 les acquis scientifiques et le potentiel futur<br \/>\n\u2022 des prestations en plus au service de la science m\u00e9dicale (par exemple: jeunes scientifiques, participation aux comit\u00e9s et \u00e0 la soci\u00e9t\u00e9, bonne citoyennet\u00e9)<\/p>\n<\/div><\/div><\/div><\/div><\/div><div class=\"fusion-fullwidth fullwidth-box fusion-builder-row-3 fusion-flex-container nonhundred-percent-fullwidth non-hundred-percent-height-scrolling fusion-no-large-visibility\" style=\"--awb-border-sizes-top:10px;--awb-border-color:#b39a60;--awb-border-radius-top-left:0px;--awb-border-radius-top-right:0px;--awb-border-radius-bottom-right:0px;--awb-border-radius-bottom-left:0px;--awb-padding-top:5%;--awb-padding-right:10%;--awb-padding-bottom:5%;--awb-padding-left:10%;--awb-margin-bottom:100px;--awb-background-color:#ffffff;\" ><div class=\"fusion-builder-row fusion-row fusion-flex-align-items-flex-start\" style=\"max-width:1248px;margin-left: calc(-4% \/ 2 );margin-right: calc(-4% \/ 2 );\"><div class=\"fusion-layout-column fusion_builder_column fusion-builder-column-3 fusion_builder_column_1_3 1_3 fusion-flex-column\" style=\"--awb-bg-size:cover;--awb-width-large:33.333333333333%;--awb-margin-top-large:0px;--awb-spacing-right-large:5.76%;--awb-margin-bottom-large:20px;--awb-spacing-left-large:5.76%;--awb-width-medium:33.333333333333%;--awb-order-medium:0;--awb-spacing-right-medium:5.76%;--awb-spacing-left-medium:5.76%;--awb-width-small:100%;--awb-order-small:0;--awb-spacing-right-small:1.92%;--awb-spacing-left-small:1.92%;\"><div class=\"fusion-column-wrapper fusion-column-has-shadow fusion-flex-justify-content-flex-start fusion-content-layout-column\"><div class=\"fusion-text fusion-text-3\" style=\"--awb-text-color:#b39a60;\"><h1 style=\"text-align: left;\">Crit\u00e8res<\/h1>\n<\/div><div class=\"fusion-image-element \" style=\"text-align:center;--awb-caption-title-font-family:var(--h2_typography-font-family);--awb-caption-title-font-weight:var(--h2_typography-font-weight);--awb-caption-title-font-style:var(--h2_typography-font-style);--awb-caption-title-size:var(--h2_typography-font-size);--awb-caption-title-transform:var(--h2_typography-text-transform);--awb-caption-title-line-height:var(--h2_typography-line-height);--awb-caption-title-letter-spacing:var(--h2_typography-letter-spacing);\"><span class=\" fusion-imageframe imageframe-none imageframe-2 hover-type-none\" class=\"image-magnify\" class=\"image-scroll\"><img decoding=\"async\" width=\"346\" height=\"346\" title=\"criteria@2x\" src=\"https:\/\/otto-naegeli-preis.ch\/wp-content\/uploads\/2020\/10\/criteria@2x.png\" alt class=\"img-responsive wp-image-713\" srcset=\"https:\/\/otto-naegeli-preis.ch\/wp-content\/uploads\/2020\/10\/criteria@2x-200x200.png 200w, https:\/\/otto-naegeli-preis.ch\/wp-content\/uploads\/2020\/10\/criteria@2x.png 346w\" sizes=\"(max-width: 640px) 100vw, 346px\" \/><\/span><\/div><\/div><\/div><div class=\"fusion-layout-column fusion_builder_column fusion-builder-column-4 fusion_builder_column_2_3 2_3 fusion-flex-column\" style=\"--awb-padding-right:5%;--awb-padding-left:5%;--awb-bg-color:#ffffff;--awb-bg-color-hover:#ffffff;--awb-bg-size:cover;--awb-width-large:66.666666666667%;--awb-margin-top-large:0px;--awb-spacing-right-large:2.88%;--awb-margin-bottom-large:20px;--awb-spacing-left-large:2.88%;--awb-width-medium:66.666666666667%;--awb-order-medium:0;--awb-spacing-right-medium:2.88%;--awb-spacing-left-medium:2.88%;--awb-width-small:100%;--awb-order-small:0;--awb-spacing-right-small:1.92%;--awb-spacing-left-small:1.92%;\"><div class=\"fusion-column-wrapper fusion-column-has-shadow fusion-flex-justify-content-flex-start fusion-content-layout-column\"><div class=\"fusion-text fusion-text-4\" style=\"--awb-text-color:#b39a60;\"><p>La laur\u00e9ate ou le laur\u00e9at du Prix Otto Naegeli est d\u00e9sign\u00e9(e) par le Conseil du Prix; la s\u00e9lection se fait selon une proc\u00e9dure en plusieurs \u00e9tapes. Le Conseil du Prix est compos\u00e9 des laur\u00e9ates et les laur\u00e9ats pr\u00e9c\u00e9dents et du Pr\u00e9sident du Conseil de Fondation. Le Conseil du Prix \u00e9labore des propositions pour une \u00e9valuation plus approfondie et prend ensuite la d\u00e9cision en obtenant des avis d&rsquo;experts externes. Personne ne peut demander le prix lui-m\u00eame.<\/p>\n<p>Les principaux crit\u00e8res de l&rsquo;\u00e9lection sont les suivants :<\/p>\n<p>\u2022 r\u00e9putation internationale et nationale<br \/>\n\u2022 originalit\u00e9 dans la recherche<br \/>\n\u2022 les acquis scientifiques et le potentiel futur<br \/>\n\u2022 des prestations en plus au service de la science m\u00e9dicale (par exemple: jeunes scientifiques, participation aux comit\u00e9s et \u00e0 la soci\u00e9t\u00e9, bonne citoyennet\u00e9)<\/p>\n<\/div><\/div><\/div><\/div><\/div><\/p>\n","protected":false},"excerpt":{"rendered":"","protected":false},"author":1,"featured_media":0,"parent":0,"menu_order":0,"comment_status":"closed","ping_status":"closed","template":"","meta":{"footnotes":""},"acf":[],"_links":{"self":[{"href":"https:\/\/otto-naegeli-preis.ch\/fr\/wp-json\/wp\/v2\/pages\/701"}],"collection":[{"href":"https:\/\/otto-naegeli-preis.ch\/fr\/wp-json\/wp\/v2\/pages"}],"about":[{"href":"https:\/\/otto-naegeli-preis.ch\/fr\/wp-json\/wp\/v2\/types\/page"}],"author":[{"embeddable":true,"href":"https:\/\/otto-naegeli-preis.ch\/fr\/wp-json\/wp\/v2\/users\/1"}],"replies":[{"embeddable":true,"href":"https:\/\/otto-naegeli-preis.ch\/fr\/wp-json\/wp\/v2\/comments?post=701"}],"version-history":[{"count":5,"href":"https:\/\/otto-naegeli-preis.ch\/fr\/wp-json\/wp\/v2\/pages\/701\/revisions"}],"predecessor-version":[{"id":3306,"href":"https:\/\/otto-naegeli-preis.ch\/fr\/wp-json\/wp\/v2\/pages\/701\/revisions\/3306"}],"wp:attachment":[{"href":"https:\/\/otto-naegeli-preis.ch\/fr\/wp-json\/wp\/v2\/media?parent=701"}],"curies":[{"name":"wp","href":"https:\/\/api.w.org\/{rel}","templated":true}]}}